{"id":78,"date":"2018-12-12T06:15:34","date_gmt":"2018-12-12T06:15:34","guid":{"rendered":"http:\/\/mlcindustrial.com.pe\/?page_id=78"},"modified":"2018-12-12T06:15:34","modified_gmt":"2018-12-12T06:15:34","slug":"mision-y-vision","status":"publish","type":"page","link":"https:\/\/mlcindustrial.com.pe\/index.php\/mision-y-vision\/","title":{"rendered":"Misi\u00f3n y Visi\u00f3n"},"content":{"rendered":"\n<h3 class=\"wp-block-heading\">MISI\u00d3N<\/h3>\n\n\n\n<p>Brindar servicio \u00a0confiable y competitivo del mercado peruano,garantizando un correcto cumplimiento de los est\u00e1ndares en materia de calidad,seguridad y medio ambiente mediante la interacci\u00f3n constante con el clientepara satisfacer sus necesidades generando un excelente entorno empresarial,haci\u00e9ndolo sentir seguro del cumplimiento de sus metas en los plazosestablecidos.<\/p>\n\n\n\n<hr class=\"wp-block-separator\"\/>\n\n\n\n<h3 class=\"wp-block-heading\">VISI\u00d3N<\/h3>\n\n\n\n<p>Ser la empresa peruanal\u00edder en el rubro de Proyectos Electromec\u00e1nicos y de Construcci\u00f3n con altosest\u00e1ndares de calidad, seguridad, costos, y tiempos de entrega con una ampliacartera de servicios para el sector p\u00fablico y privado, basados en la \u00e9tica y enel compromiso profesional de nuestros colaboradores.<\/p>\n\n\n\n<hr class=\"wp-block-separator\"\/>\n\n\n\n<h4 class=\"wp-block-heading\">VALORES<\/h4>\n\n\n\n<ul class=\"wp-block-list\"><li>Primero seguridad<\/li><li>Foco en satisfacci\u00f3n cliente<\/li><li>Crear valor compartido<\/li><li>Cuidar el medio ambiente<\/li><li>Mejora continua<\/li><\/ul>\n","protected":false},"excerpt":{"rendered":"<p>MISI\u00d3N Brindar servicio \u00a0confiable y competitivo del mercado peruano,garantizando un correcto cumplimiento de los est\u00e1ndares en materia de calidad,seguridad y medio ambiente mediante la interacci\u00f3n constante con el clientepara satisfacer sus necesidades generando un excelente entorno empresarial,haci\u00e9ndolo sentir seguro del cumplimiento de sus metas en los plazosestablecidos. VISI\u00d3N Ser la empresa peruanal\u00edder en el rubro<\/p><\/div>\n<div class=\"blog-btn\"><a href=\"https:\/\/mlcindustrial.com.pe\/index.php\/mision-y-vision\/\" class=\"home-blog-btn\">Read More<\/a><\/p>\n","protected":false},"author":1,"featured_media":0,"parent":0,"menu_order":0,"comment_status":"closed","ping_status":"closed","template":"","meta":{"footnotes":""},"class_list":["post-78","page","type-page","status-publish","hentry"],"_links":{"self":[{"href":"https:\/\/mlcindustrial.com.pe\/index.php\/wp-json\/wp\/v2\/pages\/78","targetHints":{"allow":["GET"]}}],"collection":[{"href":"https:\/\/mlcindustrial.com.pe\/index.php\/wp-json\/wp\/v2\/pages"}],"about":[{"href":"https:\/\/mlcindustrial.com.pe\/index.php\/wp-json\/wp\/v2\/types\/page"}],"author":[{"embeddable":true,"href":"https:\/\/mlcindustrial.com.pe\/index.php\/wp-json\/wp\/v2\/users\/1"}],"replies":[{"embeddable":true,"href":"https:\/\/mlcindustrial.com.pe\/index.php\/wp-json\/wp\/v2\/comments?post=78"}],"version-history":[{"count":1,"href":"https:\/\/mlcindustrial.com.pe\/index.php\/wp-json\/wp\/v2\/pages\/78\/revisions"}],"predecessor-version":[{"id":79,"href":"https:\/\/mlcindustrial.com.pe\/index.php\/wp-json\/wp\/v2\/pages\/78\/revisions\/79"}],"wp:attachment":[{"href":"https:\/\/mlcindustrial.com.pe\/index.php\/wp-json\/wp\/v2\/media?parent=78"}],"curies":[{"name":"wp","href":"https:\/\/api.w.org\/{rel}","templated":true}]}}